{"id":5687,"date":"2024-08-28T21:47:37","date_gmt":"2024-08-28T21:47:37","guid":{"rendered":"https:\/\/annualreports.es.net\/?page_id=5687"},"modified":"2024-11-14T01:20:24","modified_gmt":"2024-11-14T01:20:24","slug":"2022-community-engagement","status":"publish","type":"page","link":"https:\/\/annualreports.es.net\/index.php\/2022-community-engagement\/","title":{"rendered":"2022 Community Engagement and Knowledge Transfer"},"content":{"rendered":"\n<div class=\"wp-block-obb-width-block organic-block obb-width clearfix\" style=\"max-width:1200px\"><div class=\"obb-width-content\">\n<p class=\"has-text-align-center has-custom-blue-800-color has-text-color has-link-color has-source-sans-3-font-family has-normal-font-size wp-elements-a8d43644cb5b94e14ae406ebf83e1839\" style=\"font-style:normal;font-weight:500;line-height:1.3\">ESnet\u2019s mission compels us to share knowledge, experience, and findings with both the DOE ecosystem and the global R&amp;E networking community, including commercial networking technology providers. Technical outreach and community building guarantee that we remain at the forefront of understanding emerging scientific needs and technology options while also ensuring visibility for DOE\u2019s global science collaborations.<\/p>\n\n\n\n<p class=\"has-text-align-center has-custom-blue-800-color has-text-color has-link-color has-source-sans-3-font-family has-normal-font-size wp-elements-1f296d9793f76ce6711334fa3385d224\" style=\"font-style:normal;font-weight:500;line-height:1.3\">Community engagement and knowledgetransfer activities encompass a variety of approaches, including technical consulting, publishing, and participation in DOE and other U.S. scientific planning endeavors. Additionally, ESnet contributes through keynote speeches, technical presentations, demonstrations, and workshops at numerous high-profile conferences annually.<br><\/p>\n\n\n\n<h3 class=\"wp-block-heading has-text-align-left has-source-sans-3-font-family\" style=\"padding-top:var(--wp--preset--spacing--60);padding-bottom:var(--wp--preset--spacing--40)\">ESnet Launches First Annual Confab Gathering<\/h3>\n\n\n\n<p class=\"has-text-align-left has-source-sans-3-font-family\">In October 2022, ESnet\u2019s Science Engagement Group convened and hosted ESnet\u2019s first Science User conference to foster cross-interactions between DOE research scientists, users, network engineers, and stakeholders. The focus was different from the longtime ESnet Site Coordinators Committee (ESCC) meeting, a technical forum that brings together IT representatives from the ESnet-connected sites. Held in Berkeley, California, in conjunction with the unveiling of ESnet6, Confab22 sought to showcase how scientists across domains use ESnet6 and its advanced services effectively and to provide a platform for bidirectional conversations, particularly across siloed application and IT communities.<\/p>\n\n\n\n<div class=\"wp-block-columns is-layout-flex wp-container-core-columns-is-layout-28f84493 wp-block-columns-is-layout-flex\">\n<div class=\"wp-block-column is-layout-flow wp-block-column-is-layout-flow\" style=\"flex-basis:50%\">\n<p class=\"has-text-align-left has-source-sans-3-font-family\">The technical program enabled discussions among the 100-plus attendees about co design activities including:<\/p>\n\n\n\n<ul style=\"padding-left:var(--wp--preset--spacing--50)\" class=\"wp-block-list\">\n<li class=\"has-source-sans-3-font-family\">ESnet6 capabilities in development and science user thoughts, with ESnet leadership<\/li>\n\n\n\n<li class=\"has-source-sans-3-font-family\">Exascale biology compute needs and network uses, with Dan Jacobson of Oak Ridge National Laboratory<\/li>\n\n\n\n<li class=\"has-source-sans-3-font-family\">ARIES project (see page 33) and future \u201csuperlab\u201d network uses, with Rob Hovsapian of National Renewable Energy Laboratory<\/li>\n\n\n\n<li>Field Science and Wireless\/5G use cases, with ESnet staff<\/li>\n\n\n\n<li class=\"has-source-sans-3-font-family\">DOE Integrated Research Infrastructure initiative with ASCR Facilities Director Ben Brown<\/li>\n\n\n\n<li class=\"has-source-sans-3-font-family\">Derecho simulation and data visualization with Paul Ullrich, U.C. Davis, and Brad Carvey, Sandia National Laboratory.<\/li>\n<\/ul>\n<\/div>\n\n\n\n<div class=\"wp-block-column is-layout-flow wp-block-column-is-layout-flow\" style=\"flex-basis:50%\">\n<figure class=\"wp-block-image size-full\"><img loading=\"lazy\" decoding=\"async\" width=\"1281\" height=\"961\" src=\"https:\/\/annualreports.es.net\/wp-content\/uploads\/2024\/09\/ESnet_confab22.jpg\" alt=\"\" class=\"wp-image-5878\" style=\"object-fit:cover\" srcset=\"https:\/\/annualreports.es.net\/wp-content\/uploads\/2024\/09\/ESnet_confab22.jpg 1281w, https:\/\/annualreports.es.net\/wp-content\/uploads\/2024\/09\/ESnet_confab22-300x225.jpg 300w, https:\/\/annualreports.es.net\/wp-content\/uploads\/2024\/09\/ESnet_confab22-1024x768.jpg 1024w, https:\/\/annualreports.es.net\/wp-content\/uploads\/2024\/09\/ESnet_confab22-768x576.jpg 768w\" sizes=\"auto, (max-width: 1281px) 100vw, 1281px\" \/><figcaption class=\"wp-element-caption\">Oak Ridge National Laboratory\u2019s Dan Jacobson presents use cases for Exascale Computing Project computational systems biology to the Confab22 audience.<\/figcaption><\/figure>\n<\/div>\n<\/div>\n\n\n\n<p class=\"has-source-sans-3-font-family\">The discussions started at Confab have resulted in several new collaborations between ESnet\u2019s Science Engagement group and external stakeholders. The conference will now become a regular ESnet activity driving outreach and user support efforts.<\/p>\n\n\n\n<h3 class=\"wp-block-heading has-source-sans-3-font-family\" style=\"padding-top:var(--wp--preset--spacing--60);padding-bottom:var(--wp--preset--spacing--40)\">Other Key Conferences<\/h3>\n\n\n\n<div class=\"wp-block-columns is-layout-flex wp-container-core-columns-is-layout-28f84493 wp-block-columns-is-layout-flex\">\n<div class=\"wp-block-column is-layout-flow wp-block-column-is-layout-flow\" style=\"flex-basis:50%\">\n<figure class=\"wp-block-image size-large\"><img loading=\"lazy\" decoding=\"async\" width=\"1024\" height=\"683\" src=\"https:\/\/annualreports.es.net\/wp-content\/uploads\/2024\/10\/SC22-SCinet-49-1024x683.jpg\" alt=\"\" class=\"wp-image-5950\" srcset=\"https:\/\/annualreports.es.net\/wp-content\/uploads\/2024\/10\/SC22-SCinet-49-1024x683.jpg 1024w, https:\/\/annualreports.es.net\/wp-content\/uploads\/2024\/10\/SC22-SCinet-49-300x200.jpg 300w, https:\/\/annualreports.es.net\/wp-content\/uploads\/2024\/10\/SC22-SCinet-49-768x512.jpg 768w, https:\/\/annualreports.es.net\/wp-content\/uploads\/2024\/10\/SC22-SCinet-49-1536x1024.jpg 1536w, https:\/\/annualreports.es.net\/wp-content\/uploads\/2024\/10\/SC22-SCinet-49.jpg 1645w\" sizes=\"auto, (max-width: 1024px) 100vw, 1024px\" \/><figcaption class=\"wp-element-caption\">The SCinet22 team of volunteers.<\/figcaption><\/figure>\n<\/div>\n\n\n\n<div class=\"wp-block-column is-layout-flow wp-block-column-is-layout-flow\" style=\"flex-basis:50%\">\n<h5 class=\"wp-block-heading has-accent-secondary-color has-text-color has-link-color has-source-sans-3-font-family wp-elements-40c53c1dc068fa6367f159547e85e619\">SC<\/h5>\n\n\n\n<p class=\"has-source-sans-3-font-family\">Each year, ESnet participates in the International Conference for High Performance Computing, Networking, Storage, and Analysis, known simply as SC, one of the largest high performance computing conferences in the world, with an emphasis on dataintensive scientific support. The contributions can be divided into two main categories: First, ESnet offers connectivity and services to the conference, facilitating live demonstrations and tests. Second, ESnet staff members actively participate as essential volunteer team members responsible for constructing SCinet \u2014 an annual conference network and the \u201cworld\u2019s fastest network\u201d for the duration of the conference. This network serves as a testbed for innovative problem-solving strategies tailored to address challenges within the HPC community<\/p>\n<\/div>\n<\/div>\n\n\n\n<h5 class=\"wp-block-heading has-accent-secondary-color has-text-color has-link-color has-source-sans-3-font-family wp-elements-fb708369f17934e3c2e64e5e8d3328c7\">ESCC<\/h5>\n\n\n\n<p class=\"has-source-sans-3-font-family\">Each year, ESnet convenes the ESnet Site Coordinator Committee to share insights and guide the future of the ESnet infrastructure. In 2022, the group, made up of technical representatives from ESnet\u2019s supported sites, met in person for the first time since 2019 to collaborate on operational, network engineering, and security innovations and challenges.<\/p>\n\n\n\n<h5 class=\"wp-block-heading has-accent-secondary-color has-text-color has-link-color has-source-sans-3-font-family wp-elements-6a8ed1e494a22eb2b5331cfe735a4c65\">OFC<\/h5>\n\n\n\n<p class=\"has-source-sans-3-font-family\">ESnet participates in talks and demonstrations for OFC, the Optical Fiber Communication Conference and Exhibition sponsored by Optica, IEEE Communication Society, and IEEE Photonics Society, as well as in building OFCnet, an unconventional high-speed network connecting the show floor to a research center in Chicago.<\/p>\n\n\n\n<h5 class=\"wp-block-heading has-accent-secondary-color has-text-color has-link-color has-source-sans-3-font-family wp-elements-d41d84959fa8739c045e46af6116c1be\">Internet2 Technology Exchange<\/h5>\n\n\n\n<p class=\"has-source-sans-3-font-family\">Hosted by Internet2, a community providing a secure high-speed network, Cloud solutions, research support, and services tailored for research and education, the TechX conference brings together the global R&amp;E community.<\/p>\n\n\n\n<h5 class=\"wp-block-heading has-accent-secondary-color has-text-color has-link-color has-source-sans-3-font-family wp-elements-b7545023cceeade0b8721bf99f4bf6b7\">The Quilt Annual Meeting<\/h5>\n\n\n\n<p class=\"has-source-sans-3-font-family\">The Quilt is a national coalition of non-profit U.S. regional R&amp;E networks representing 43 networks across the country. Members of The Quilt provide advanced network services and applications to 900-plus universities and thousands of other educational and community anchor institutions.<\/p>\n\n\n\n<div class=\"wp-block-columns is-layout-flex wp-container-core-columns-is-layout-28f84493 wp-block-columns-is-layout-flex\">\n<div class=\"wp-block-column is-layout-flow wp-block-column-is-layout-flow\" style=\"flex-basis:50%\">\n<h5 class=\"wp-block-heading has-accent-secondary-color has-text-color has-link-color has-source-sans-3-font-family wp-elements-ed4646764a2a47fb69b5e6387686760d\">TNC<\/h5>\n\n\n\n<p class=\"has-source-sans-3-font-family\">The largest R&amp;E networking conference, TNC is co-funded by the European Union via the G\u00c9ANT (GN4-3) Project. It attracts more than 800 participants from 70+ countries, representing national and regional research and education networks, schools and universities, technology providers, and scientific projects.<\/p>\n\n\n\n<h5 class=\"wp-block-heading has-accent-secondary-color has-text-color has-link-color has-source-sans-3-font-family wp-elements-c04295c546b5e99e4a568f3f4fccbf69\">ACM SIGCOMM<\/h5>\n\n\n\n<p class=\"has-source-sans-3-font-family\">ACM SIGCOMM is the flagship annual conference of the ACM Special Interest Group on Data Communication, an important conference in networking held in Amsterdam in 2022. ESnet staff co-authored the invited paper \u201cTransport Control Networking: Optimizing Efficiency and Control of Data Transport for Data-Intensive Networks\u201d and gave a keynote.<\/p>\n<\/div>\n\n\n\n<div class=\"wp-block-column is-layout-flow wp-block-column-is-layout-flow\" style=\"flex-basis:50%\">\n<figure class=\"wp-block-image size-large\"><img loading=\"lazy\" decoding=\"async\" width=\"1024\" height=\"698\" src=\"https:\/\/annualreports.es.net\/wp-content\/uploads\/2024\/10\/tnc22_nickburaglio_5505-1024x698.jpg\" alt=\"\" class=\"wp-image-5951\" srcset=\"https:\/\/annualreports.es.net\/wp-content\/uploads\/2024\/10\/tnc22_nickburaglio_5505-1024x698.jpg 1024w, https:\/\/annualreports.es.net\/wp-content\/uploads\/2024\/10\/tnc22_nickburaglio_5505-300x205.jpg 300w, https:\/\/annualreports.es.net\/wp-content\/uploads\/2024\/10\/tnc22_nickburaglio_5505-768x524.jpg 768w, https:\/\/annualreports.es.net\/wp-content\/uploads\/2024\/10\/tnc22_nickburaglio_5505-1536x1047.jpg 1536w, https:\/\/annualreports.es.net\/wp-content\/uploads\/2024\/10\/tnc22_nickburaglio_5505.jpg 1800w\" sizes=\"auto, (max-width: 1024px) 100vw, 1024px\" \/><figcaption class=\"wp-element-caption\">Nick Buraglio was among several ESnet presenters at TNC22.<\/figcaption><\/figure>\n<\/div>\n<\/div>\n\n\n\n<h3 class=\"wp-block-heading has-source-sans-3-font-family\" style=\"padding-top:var(--wp--preset--spacing--60);padding-bottom:var(--wp--preset--spacing--40)\">Technical Presentations and Publications<\/h3>\n\n\n\n<p class=\"has-source-sans-3-font-family\">In 2022, ESnet staff delivered 57 technical presentations, published two dozen conference papers and journal articles, and filed one patent. (For a full list, with links where available, visit es.net\/publications2022.)<br>The following examples were selected to illustrate ESnet\u2019s work in the applied research areas featured in this report.<\/p>\n\n\n\n<h5 class=\"wp-block-heading has-accent-secondary-color has-text-color has-link-color has-source-sans-3-font-family wp-elements-1a0c408f033df6d9a42dce56cb5a8427\">Accelerating data movement<\/h5>\n\n\n\n<p class=\"has-source-sans-3-font-family\">J. Dunefsky, M. Soleimani, R. Yang, J. Ros-Giralt, M. Lassnig, I. Monga, F. W\u00fcerthwein, J. Zhang, K. Gao, Y.R. Yang, \u201cTransport Control Networking Optimizing Efficiency and Control of Data Transport for data-intensive Networks.\u201d NAI \u201822: Proceedings of the ACM SIGCOMM Workshop on Network-Application Integration (August 2022): 60-66. <a href=\"https:\/\/doi.org\/10.1145\/3538401.3548550\"> https:\/\/doi.org\/10.1145\/3538401.3548550<br><\/a><br>E. Dart, \u201c<a href=\"https:\/\/events.cenic.org\/september-2022\">The Science DMZ: Strategic Future<\/a>\u201d (technical presentation, Corporation for Education Network Initiatives in California [CENIC] conference, Monterey, CA, September 2022).<\/p>\n\n\n\n<h5 class=\"wp-block-heading has-accent-secondary-color has-text-color has-link-color has-source-sans-3-font-family wp-elements-61201d003fa78786725afb0a880169be\">AI-driven networking<\/h5>\n\n\n\n<p class=\"has-source-sans-3-font-family\">M. Kiran, N. Buraglio, S. Campbell, \u201c<a href=\"https:\/\/apan53.apan.net\/agenda\/\">Using Deep Learning to Improve Data Transfers for WAN<\/a>\u201d (technical presentation, the Asia Pacific Advanced Network [APAN 53] Conference, AI-Driven Networks Working Group, Dhaka, Bangladesh, March 2022). S. Murugesan, M. Kiran, B. Hamann, G.H. Weber, \u201cNetostat: Analyzing Dynamic Flow Patterns in HighSpeed Networks.\u201d Cluster Computing 25 (March 2022): 2915\u20132930. <a href=\"https:\/\/doi.org\/10.1007\/s10586-022-03543-0\">https:\/\/doi.org\/10.1007\/s10586-022-03543-0<\/a><br><\/p>\n\n\n\n<p class=\"has-source-sans-3-font-family\">H. Jin, K. Raghavan, G. Papadimitriou, C. Wang, A. Mandal, P. Krawczuk, L.Pottier, M. Kiran, E. Deelman, P. Balaprakash, \u201c<a href=\"https:\/\/doi.ieeecomputersociety.org\/10.1109\/WORKS56498.2022.00010\">Workflow Anomaly Detection with Graph Neural Networks<\/a>.\u201d Presented at 2022 IEEE\/ACM Workshop on Workflows in Support of Large-Scale Science (WORKS), Dallas, TX, November 2022.<\/p>\n\n\n\n<h5 class=\"wp-block-heading has-accent-secondary-color has-text-color has-link-color has-source-sans-3-font-family wp-elements-8c7b96731045837be87f6295f88b16e1\">Automation testing environments<\/h5>\n\n\n\n<p class=\"has-source-sans-3-font-family\">N. Buraglio, C. Cummings, \u201c<a href=\"https:\/\/tnc22.geant.org\/sessions\/#s8\">Building a Realistic Orchestration Validation Environment for netwoRks (ROVER)<\/a>\u201d (technical presentation, TNC22\/G\u00c9ANT Conference, Trieste, Italy, June 2022).<\/p>\n\n\n\n<h5 class=\"wp-block-heading has-accent-secondary-color has-text-color has-link-color has-source-sans-3-font-family wp-elements-31f55af057abe9fc696fa1e693f09b34\">Edge compute management<\/h5>\n\n\n\n<p class=\"has-source-sans-3-font-family\">E. Kissel, C. Shiflett, \u201cJanus Container Management and the EScp Data Mover\u201d (Department of Energy booth demonstration, The International Conference for High Performance Computing, Networking, Storage, and Analysis [SC22], Dallas, TX, November 2022).<\/p>\n\n\n\n<h5 class=\"wp-block-heading has-accent-secondary-color has-text-color has-link-color has-source-sans-3-font-family wp-elements-fcb0b450eb8524105e7d3bd25bd7240d\">IETF standards activity<\/h5>\n\n\n\n<p class=\"has-source-sans-3-font-family\">N. Buraglio, C. Cummings, R. White, \u201c<a href=\"https:\/\/www.ietf.org\/archive\/id\/draft-ietf-v6ops-ula-00.html\">Unintended Operational Issues With ULA<\/a>\u201d Presented at Internet Engineering Task Force (IETF114) conference, V6Ops Network Working Group, Philadelphia, PA, July 2022.<\/p>\n\n\n\n<h5 class=\"wp-block-heading has-accent-secondary-color has-text-color has-link-color has-source-sans-3-font-family wp-elements-b5d6a89181d78993ddbb6899806d2160\">In-network caching<\/h5>\n\n\n\n<p class=\"has-source-sans-3-font-family\">J. Bellavita, A. Sim, K.Wu, I. Monga, C. Guok, F. W\u00fcerthwein, D. Davila, \u201cStudying Scientific Data Lifecycle in On-demand Distributed Storage Caches.\u201d SNTA \u201822: Fifth International Workshop on Systems and Network Telemetry and Analytics (June 2022): 43-50. <a href=\"https:\/\/doi.org\/10.1145\/3526064.3534111\">https:\/\/doi.org\/10.1145\/3526064.3534111<\/a><\/p>\n\n\n\n<h5 class=\"wp-block-heading has-accent-secondary-color has-text-color has-link-color has-source-sans-3-font-family wp-elements-7feada9cdafd6f550326ca974a73f795\">Orchestrated and coordinated data movement<\/h5>\n\n\n\n<p class=\"has-source-sans-3-font-family\">F. W\u00fcerthwein, J. Guiang, A. Arora, D. Davila, J, Graham, D. Mishin, T. Hutton, I. Sfiligoi, H. Newman, J. Balcas, T. Lehman, X. Yang, C. Guok, \u201c<a href=\"https:\/\/doi.org\/10.1109\/XLOOP56614.2022.00008\">Managed Network Services for Exascale Data Movement Across Large Global Scientific Collaborations.<\/a>\u201d Presented at 2022 4th Annual Workshop on Extreme-scale Experiment-in-the-Loop Computing (XLOOP), 2022 Supercomputing Conference (SC22), Dallas, TX, November 2022.<\/p>\n\n\n\n<h5 class=\"wp-block-heading has-accent-secondary-color has-text-color has-link-color has-source-sans-3-font-family wp-elements-96fbe45dad6b125c6137d18e97927e5f\">Quantum networking<\/h5>\n\n\n\n<p class=\"has-source-sans-3-font-family\">I. Monga, E. Saglamyurek, W. Wu, \u201cQuantum Communication: A Physical Experiment or a Network Paradigm Shift?\u201d (technical presentation, 9th Annual International Workshop on Innovating the Network for Data-Intense Science [INDIS], Dallas, TX, November 2022).<\/p>\n\n\n\n<p class=\"has-source-sans-3-font-family\">A. Derevianko, E. Figueroa, J. Mart\u00cdnez Rinc\u00f3n, I. Monga, A. Nomerotski, C.H. Pe\u00f1a, N.A. Peters, R. Pooser, N. Rao, A. Slosar, P. Spentzouris, M. Spiropulu, P. Stankus, W. Wu, S. Xie, \u201c<a href=\"https:\/\/doi.org\/10.48550\/arXiv.2203.16979\">Quantum Networks for High Energy Physics.<\/a>\u201d arXiv:2203.16979 [quant-ph] (March 2022).<\/p>\n\n\n\n<h5 class=\"wp-block-heading has-accent-secondary-color has-text-color has-link-color has-source-sans-3-font-family wp-elements-62fe473d849f916023a4f977b2802b26\">Wireless integration<\/h5>\n\n\n\n<p class=\"has-source-sans-3-font-family\">M. Kiran, \u201c5G for Science\u201d (technical presentation, 2022 Department of Energy [DOE] Cybersecurity and Technology Innovation Conference, Portland, OR, June 2022).<\/p>\n\n\n\n<p class=\"has-source-sans-3-font-family\">A. Wiedlea, \u201cExploring the Wireless Edge for Science: What Does that Mean for Us?\u201d (technical presentation, 2022 Corporation for Education Network Initiatives in California [CENIC] Annual Meeting, Monterey, CA, September 2022).<\/p>\n\n\n\n<h5 class=\"wp-block-heading has-accent-secondary-color has-text-color has-link-color has-source-sans-3-font-family wp-elements-2649a2e2a0674b24a90a8efc6ff93fce\">Understanding real-time streaming<\/h5>\n\n\n\n<p class=\"has-source-sans-3-font-family\">R. Kube, R.M. Churchill, C.S. Chang, J. Choi, R. Wang, S. Klasky, L. Stephey, E. Dart, M.J. Choi, \u201c<a href=\"https:\/\/iopscience.iop.org\/article\/10.1088\/1361-6587\/ac3f42\/meta\">Near Real-Time Streaming Analysis of Big Fusion Data.<\/a>\u201d Plasma Physics and Controlled Fusion 64, No. 3 (February 2022).<\/p>\n<\/div><\/div>\n","protected":false},"excerpt":{"rendered":"","protected":false},"author":6,"featured_media":0,"parent":0,"menu_order":0,"comment_status":"closed","ping_status":"closed","template":"","meta":{"footnotes":""},"class_list":["post-5687","page","type-page","status-publish","hentry"],"_links":{"self":[{"href":"https:\/\/annualreports.es.net\/index.php\/wp-json\/wp\/v2\/pages\/5687","targetHints":{"allow":["GET"]}}],"collection":[{"href":"https:\/\/annualreports.es.net\/index.php\/wp-json\/wp\/v2\/pages"}],"about":[{"href":"https:\/\/annualreports.es.net\/index.php\/wp-json\/wp\/v2\/types\/page"}],"author":[{"embeddable":true,"href":"https:\/\/annualreports.es.net\/index.php\/wp-json\/wp\/v2\/users\/6"}],"replies":[{"embeddable":true,"href":"https:\/\/annualreports.es.net\/index.php\/wp-json\/wp\/v2\/comments?post=5687"}],"version-history":[{"count":19,"href":"https:\/\/annualreports.es.net\/index.php\/wp-json\/wp\/v2\/pages\/5687\/revisions"}],"predecessor-version":[{"id":6510,"href":"https:\/\/annualreports.es.net\/index.php\/wp-json\/wp\/v2\/pages\/5687\/revisions\/6510"}],"wp:attachment":[{"href":"https:\/\/annualreports.es.net\/index.php\/wp-json\/wp\/v2\/media?parent=5687"}],"curies":[{"name":"wp","href":"https:\/\/api.w.org\/{rel}","templated":true}]}}